{"id":5884,"date":"2022-11-09T20:39:54","date_gmt":"2022-11-09T20:39:54","guid":{"rendered":"http:\/\/aquelarre.edu.uy\/cms\/?page_id=5884"},"modified":"2025-08-06T21:06:49","modified_gmt":"2025-08-06T21:06:49","slug":"convenios","status":"publish","type":"page","link":"https:\/\/aquelarre.edu.uy\/cms\/convenios\/","title":{"rendered":"CONVENIOS"},"content":{"rendered":"\t\t<div data-elementor-type=\"wp-page\" data-elementor-id=\"5884\" class=\"elementor elementor-5884\" data-elementor-post-type=\"page\">\n\t\t\t\t\t\t<section class=\"elementor-section elementor-top-section elementor-element elementor-element-3c5f759 elementor-section-boxed elementor-section-height-default elementor-section-height-default\" data-id=\"3c5f759\" data-element_type=\"section\" data-e-type=\"section\">\n\t\t\t\t\t\t<div class=\"elementor-container elementor-column-gap-default\">\n\t\t\t\t\t<div class=\"elementor-column elementor-col-100 elementor-top-column elementor-element elementor-element-9239a83\" data-id=\"9239a83\" data-element_type=\"column\" data-e-type=\"column\">\n\t\t\t<div class=\"elementor-widget-wrap elementor-element-populated\">\n\t\t\t\t\t\t<div class=\"elementor-element elementor-element-f1a688e elementor-widget elementor-widget-heading\" data-id=\"f1a688e\" data-element_type=\"widget\" data-e-type=\"widget\" data-widget_type=\"heading.default\">\n\t\t\t\t<div class=\"elementor-widget-container\">\n\t\t\t\t\t<h2 class=\"elementor-heading-title elementor-size-default\">CONVENIOS<\/h2>\t\t\t\t<\/div>\n\t\t\t\t<\/div>\n\t\t\t\t\t<\/div>\n\t\t<\/div>\n\t\t\t\t\t<\/div>\n\t\t<\/section>\n\t\t\t\t<section class=\"elementor-section elementor-top-section elementor-element elementor-element-bb40837 elementor-section-boxed elementor-section-height-default elementor-section-height-default\" data-id=\"bb40837\" data-element_type=\"section\" data-e-type=\"section\">\n\t\t\t\t\t\t<div class=\"elementor-container elementor-column-gap-default\">\n\t\t\t\t\t<div class=\"elementor-column elementor-col-50 elementor-top-column elementor-element elementor-element-a7d0307\" data-id=\"a7d0307\" data-element_type=\"column\" data-e-type=\"column\">\n\t\t\t<div class=\"elementor-widget-wrap elementor-element-populated\">\n\t\t\t\t\t\t<div class=\"elementor-element elementor-element-1a69f4a elementor-position-top elementor-widget elementor-widget-image-box\" data-id=\"1a69f4a\" data-element_type=\"widget\" data-e-type=\"widget\" data-widget_type=\"image-box.default\">\n\t\t\t\t<div class=\"elementor-widget-container\">\n\t\t\t\t\t<div class=\"elementor-image-box-wrapper\"><figure class=\"elementor-image-box-img\"><img fetchpriority=\"high\" decoding=\"async\" width=\"755\" height=\"679\" src=\"https:\/\/aquelarre.edu.uy\/cms\/wp-content\/uploads\/2022\/11\/image0.jpeg\" class=\"attachment-full size-full wp-image-5891\" alt=\"\" srcset=\"https:\/\/aquelarre.edu.uy\/cms\/wp-content\/uploads\/2022\/11\/image0.jpeg 755w, https:\/\/aquelarre.edu.uy\/cms\/wp-content\/uploads\/2022\/11\/image0-300x270.jpeg 300w\" sizes=\"(max-width: 755px) 100vw, 755px\" \/><\/figure><div class=\"elementor-image-box-content\"><h3 class=\"elementor-image-box-title\">10% DE DESCUENTO<\/h3><p class=\"elementor-image-box-description\">Convenio a todos sus socios<\/p><\/div><\/div>\t\t\t\t<\/div>\n\t\t\t\t<\/div>\n\t\t\t\t\t<\/div>\n\t\t<\/div>\n\t\t\t\t<div class=\"elementor-column elementor-col-50 elementor-top-column elementor-element elementor-element-c693e15\" data-id=\"c693e15\" data-element_type=\"column\" data-e-type=\"column\">\n\t\t\t<div class=\"elementor-widget-wrap elementor-element-populated\">\n\t\t\t\t\t\t<div class=\"elementor-element elementor-element-44511bf elementor-position-top elementor-widget elementor-widget-image-box\" data-id=\"44511bf\" data-element_type=\"widget\" data-e-type=\"widget\" data-widget_type=\"image-box.default\">\n\t\t\t\t<div class=\"elementor-widget-container\">\n\t\t\t\t\t<div class=\"elementor-image-box-wrapper\"><figure class=\"elementor-image-box-img\"><img decoding=\"async\" width=\"225\" height=\"225\" src=\"https:\/\/aquelarre.edu.uy\/cms\/wp-content\/uploads\/2022\/11\/descarga.png\" class=\"attachment-full size-full wp-image-5892\" alt=\"\" srcset=\"https:\/\/aquelarre.edu.uy\/cms\/wp-content\/uploads\/2022\/11\/descarga.png 225w, https:\/\/aquelarre.edu.uy\/cms\/wp-content\/uploads\/2022\/11\/descarga-150x150.png 150w\" sizes=\"(max-width: 225px) 100vw, 225px\" \/><\/figure><div class=\"elementor-image-box-content\"><h3 class=\"elementor-image-box-title\">C\u00d3DIGO DE DESCUENTO<\/h3><p class=\"elementor-image-box-description\">Convenio v\u00e1lido para nuestros estudiantes en impresiones fotogr\u00e1ficas Pedir c\u00f3digo en la escuela para hacerlo efectivo<\/p><\/div><\/div>\t\t\t\t<\/div>\n\t\t\t\t<\/div>\n\t\t\t\t\t<\/div>\n\t\t<\/div>\n\t\t\t\t\t<\/div>\n\t\t<\/section>\n\t\t\t\t<section class=\"elementor-section elementor-top-section elementor-element elementor-element-1680cc2 elementor-section-boxed elementor-section-height-default elementor-section-height-default\" data-id=\"1680cc2\" data-element_type=\"section\" data-e-type=\"section\">\n\t\t\t\t\t\t<div class=\"elementor-container elementor-column-gap-default\">\n\t\t\t\t\t<div class=\"elementor-column elementor-col-50 elementor-top-column elementor-element elementor-element-72f9954\" data-id=\"72f9954\" data-element_type=\"column\" data-e-type=\"column\">\n\t\t\t<div class=\"elementor-widget-wrap elementor-element-populated\">\n\t\t\t\t\t\t<div class=\"elementor-element elementor-element-5c5fa99 elementor-position-top elementor-widget elementor-widget-image-box\" data-id=\"5c5fa99\" data-element_type=\"widget\" data-e-type=\"widget\" data-widget_type=\"image-box.default\">\n\t\t\t\t<div class=\"elementor-widget-container\">\n\t\t\t\t\t<div class=\"elementor-image-box-wrapper\"><figure class=\"elementor-image-box-img\"><img decoding=\"async\" width=\"1080\" height=\"550\" src=\"https:\/\/aquelarre.edu.uy\/cms\/wp-content\/uploads\/2024\/02\/FOSSE-Logos.jpg\" class=\"attachment-full size-full wp-image-7724\" alt=\"\" srcset=\"https:\/\/aquelarre.edu.uy\/cms\/wp-content\/uploads\/2024\/02\/FOSSE-Logos.jpg 1080w, https:\/\/aquelarre.edu.uy\/cms\/wp-content\/uploads\/2024\/02\/FOSSE-Logos-300x153.jpg 300w, https:\/\/aquelarre.edu.uy\/cms\/wp-content\/uploads\/2024\/02\/FOSSE-Logos-1024x521.jpg 1024w, https:\/\/aquelarre.edu.uy\/cms\/wp-content\/uploads\/2024\/02\/FOSSE-Logos-768x391.jpg 768w\" sizes=\"(max-width: 1080px) 100vw, 1080px\" \/><\/figure><div class=\"elementor-image-box-content\"><h3 class=\"elementor-image-box-title\">MATR\u00cdCULA OFF<\/h3><p class=\"elementor-image-box-description\">Convenio a todos sus socios<\/p><\/div><\/div>\t\t\t\t<\/div>\n\t\t\t\t<\/div>\n\t\t\t\t\t<\/div>\n\t\t<\/div>\n\t\t\t\t<div class=\"elementor-column elementor-col-50 elementor-top-column elementor-element elementor-element-abfbffe\" data-id=\"abfbffe\" data-element_type=\"column\" data-e-type=\"column\">\n\t\t\t<div class=\"elementor-widget-wrap elementor-element-populated\">\n\t\t\t\t\t\t<div class=\"elementor-element elementor-element-edd49f9 elementor-position-top elementor-widget elementor-widget-image-box\" data-id=\"edd49f9\" data-element_type=\"widget\" data-e-type=\"widget\" data-widget_type=\"image-box.default\">\n\t\t\t\t<div class=\"elementor-widget-container\">\n\t\t\t\t\t<div class=\"elementor-image-box-wrapper\"><figure class=\"elementor-image-box-img\"><img loading=\"lazy\" decoding=\"async\" width=\"601\" height=\"600\" src=\"https:\/\/aquelarre.edu.uy\/cms\/wp-content\/uploads\/2024\/06\/40c7af78-2faa-43b5-8c48-602177d03261.jpg\" class=\"attachment-full size-full wp-image-8059\" alt=\"\" srcset=\"https:\/\/aquelarre.edu.uy\/cms\/wp-content\/uploads\/2024\/06\/40c7af78-2faa-43b5-8c48-602177d03261.jpg 601w, https:\/\/aquelarre.edu.uy\/cms\/wp-content\/uploads\/2024\/06\/40c7af78-2faa-43b5-8c48-602177d03261-300x300.jpg 300w, https:\/\/aquelarre.edu.uy\/cms\/wp-content\/uploads\/2024\/06\/40c7af78-2faa-43b5-8c48-602177d03261-150x150.jpg 150w\" sizes=\"(max-width: 601px) 100vw, 601px\" \/><\/figure><div class=\"elementor-image-box-content\"><h3 class=\"elementor-image-box-title\">15% DE DESCUENTO<\/h3><p class=\"elementor-image-box-description\">Estudiantes de AQUELARRE para alquiler de equipos<\/p><\/div><\/div>\t\t\t\t<\/div>\n\t\t\t\t<\/div>\n\t\t\t\t\t<\/div>\n\t\t<\/div>\n\t\t\t\t\t<\/div>\n\t\t<\/section>\n\t\t\t\t<section class=\"elementor-section elementor-top-section elementor-element elementor-element-515dc57 elementor-section-boxed elementor-section-height-default elementor-section-height-default\" data-id=\"515dc57\" data-element_type=\"section\" data-e-type=\"section\">\n\t\t\t\t\t\t<div class=\"elementor-container elementor-column-gap-default\">\n\t\t\t\t\t<div class=\"elementor-column elementor-col-100 elementor-top-column elementor-element elementor-element-ce70bf9\" data-id=\"ce70bf9\" data-element_type=\"column\" data-e-type=\"column\">\n\t\t\t<div class=\"elementor-widget-wrap elementor-element-populated\">\n\t\t\t\t\t\t<div class=\"elementor-element elementor-element-d8d73e6 elementor-position-top elementor-widget elementor-widget-image-box\" data-id=\"d8d73e6\" data-element_type=\"widget\" data-e-type=\"widget\" data-widget_type=\"image-box.default\">\n\t\t\t\t<div class=\"elementor-widget-container\">\n\t\t\t\t\t<div class=\"elementor-image-box-wrapper\"><figure class=\"elementor-image-box-img\"><img loading=\"lazy\" decoding=\"async\" width=\"878\" height=\"310\" src=\"https:\/\/aquelarre.edu.uy\/cms\/wp-content\/uploads\/2025\/08\/Foto-Ya.jpeg\" class=\"attachment-full size-full wp-image-8940\" alt=\"\" srcset=\"https:\/\/aquelarre.edu.uy\/cms\/wp-content\/uploads\/2025\/08\/Foto-Ya.jpeg 878w, https:\/\/aquelarre.edu.uy\/cms\/wp-content\/uploads\/2025\/08\/Foto-Ya-300x106.jpeg 300w, https:\/\/aquelarre.edu.uy\/cms\/wp-content\/uploads\/2025\/08\/Foto-Ya-768x271.jpeg 768w\" sizes=\"(max-width: 878px) 100vw, 878px\" \/><\/figure><div class=\"elementor-image-box-content\"><h3 class=\"elementor-image-box-title\">10% DE DESCUento<\/h3><p class=\"elementor-image-box-description\">Convenio v\u00e1lido para nuestros estudiantes en impresiones fotogr\u00e1ficas<\/p><\/div><\/div>\t\t\t\t<\/div>\n\t\t\t\t<\/div>\n\t\t\t\t\t<\/div>\n\t\t<\/div>\n\t\t\t\t\t<\/div>\n\t\t<\/section>\n\t\t\t\t<\/div>\n\t\t","protected":false},"excerpt":{"rendered":"<p>CONVENIOS 10% DE DESCUENTO Convenio a todos sus socios C\u00d3DIGO DE DESCUENTO Convenio v\u00e1lido para nuestros estudiantes en impresiones fotogr\u00e1ficas Pedir c\u00f3digo en la escuela para hacerlo efectivo MATR\u00cdCULA OFF Convenio a todos sus socios 15% DE DESCUENTO Estudiantes de AQUELARRE para alquiler de equipos 10% DE DESCUento Convenio v\u00e1lido para nuestros estudiantes en impresiones [&hellip;]<\/p>\n","protected":false},"author":5,"featured_media":0,"parent":0,"menu_order":0,"comment_status":"closed","ping_status":"closed","template":"","meta":{"_joinchat":[],"footnotes":""},"class_list":["post-5884","page","type-page","status-publish","hentry"],"yoast_head":"<!-- This site is optimized with the Yoast SEO plugin v27.4 - https:\/\/yoast.com\/product\/yoast-seo-wordpress\/ -->\n<title>CONVENIOS - Aquelarre escuela de Fotograf\u00eda<\/title>\n<meta name=\"robots\" content=\"index, follow, max-snippet:-1, max-image-preview:large, max-video-preview:-1\" \/>\n<link rel=\"canonical\" href=\"https:\/\/aquelarre.edu.uy\/cms\/convenios\/\" \/>\n<meta property=\"og:locale\" content=\"es_ES\" \/>\n<meta property=\"og:type\" content=\"article\" \/>\n<meta property=\"og:title\" content=\"CONVENIOS - Aquelarre escuela de Fotograf\u00eda\" \/>\n<meta property=\"og:description\" content=\"CONVENIOS 10% DE DESCUENTO Convenio a todos sus socios C\u00d3DIGO DE DESCUENTO Convenio v\u00e1lido para nuestros estudiantes en impresiones fotogr\u00e1ficas Pedir c\u00f3digo en la escuela para hacerlo efectivo MATR\u00cdCULA OFF Convenio a todos sus socios 15% DE DESCUENTO Estudiantes de AQUELARRE para alquiler de equipos 10% DE DESCUento Convenio v\u00e1lido para nuestros estudiantes en impresiones [&hellip;]\" \/>\n<meta property=\"og:url\" content=\"https:\/\/aquelarre.edu.uy\/cms\/convenios\/\" \/>\n<meta property=\"og:site_name\" content=\"Aquelarre escuela de Fotograf\u00eda\" \/>\n<meta property=\"article:publisher\" content=\"https:\/\/www.facebook.com\/AQUELARREfotografias\/\" \/>\n<meta property=\"article:modified_time\" content=\"2025-08-06T21:06:49+00:00\" \/>\n<meta property=\"og:image\" content=\"https:\/\/aquelarre.edu.uy\/cms\/wp-content\/uploads\/2022\/11\/image0.jpeg\" \/>\n\t<meta property=\"og:image:width\" content=\"755\" \/>\n\t<meta property=\"og:image:height\" content=\"679\" \/>\n\t<meta property=\"og:image:type\" content=\"image\/jpeg\" \/>\n<meta name=\"twitter:card\" content=\"summary_large_image\" \/>\n<meta name=\"twitter:site\" content=\"@aquelarre_uy\" \/>\n<meta name=\"twitter:label1\" content=\"Tiempo de lectura\" \/>\n\t<meta name=\"twitter:data1\" content=\"2 minutos\" \/>\n<script type=\"application\/ld+json\" class=\"yoast-schema-graph\">{\"@context\":\"https:\\\/\\\/schema.org\",\"@graph\":[{\"@type\":\"WebPage\",\"@id\":\"https:\\\/\\\/aquelarre.edu.uy\\\/cms\\\/convenios\\\/\",\"url\":\"https:\\\/\\\/aquelarre.edu.uy\\\/cms\\\/convenios\\\/\",\"name\":\"CONVENIOS - Aquelarre escuela de Fotograf\u00eda\",\"isPartOf\":{\"@id\":\"https:\\\/\\\/aquelarre.edu.uy\\\/cms\\\/#website\"},\"primaryImageOfPage\":{\"@id\":\"https:\\\/\\\/aquelarre.edu.uy\\\/cms\\\/convenios\\\/#primaryimage\"},\"image\":{\"@id\":\"https:\\\/\\\/aquelarre.edu.uy\\\/cms\\\/convenios\\\/#primaryimage\"},\"thumbnailUrl\":\"https:\\\/\\\/aquelarre.edu.uy\\\/cms\\\/wp-content\\\/uploads\\\/2022\\\/11\\\/image0.jpeg\",\"datePublished\":\"2022-11-09T20:39:54+00:00\",\"dateModified\":\"2025-08-06T21:06:49+00:00\",\"inLanguage\":\"es\",\"potentialAction\":[{\"@type\":\"ReadAction\",\"target\":[\"https:\\\/\\\/aquelarre.edu.uy\\\/cms\\\/convenios\\\/\"]}]},{\"@type\":\"ImageObject\",\"inLanguage\":\"es\",\"@id\":\"https:\\\/\\\/aquelarre.edu.uy\\\/cms\\\/convenios\\\/#primaryimage\",\"url\":\"https:\\\/\\\/aquelarre.edu.uy\\\/cms\\\/wp-content\\\/uploads\\\/2022\\\/11\\\/image0.jpeg\",\"contentUrl\":\"https:\\\/\\\/aquelarre.edu.uy\\\/cms\\\/wp-content\\\/uploads\\\/2022\\\/11\\\/image0.jpeg\",\"width\":755,\"height\":679},{\"@type\":\"WebSite\",\"@id\":\"https:\\\/\\\/aquelarre.edu.uy\\\/cms\\\/#website\",\"url\":\"https:\\\/\\\/aquelarre.edu.uy\\\/cms\\\/\",\"name\":\"Aquelarre escuela de Fotograf\u00eda\",\"description\":\"Escuela de fotograf\u00eda\",\"publisher\":{\"@id\":\"https:\\\/\\\/aquelarre.edu.uy\\\/cms\\\/#organization\"},\"potentialAction\":[{\"@type\":\"SearchAction\",\"target\":{\"@type\":\"EntryPoint\",\"urlTemplate\":\"https:\\\/\\\/aquelarre.edu.uy\\\/cms\\\/?s={search_term_string}\"},\"query-input\":{\"@type\":\"PropertyValueSpecification\",\"valueRequired\":true,\"valueName\":\"search_term_string\"}}],\"inLanguage\":\"es\"},{\"@type\":\"Organization\",\"@id\":\"https:\\\/\\\/aquelarre.edu.uy\\\/cms\\\/#organization\",\"name\":\"Aquelarre escuela de Fotograf\u00eda\",\"url\":\"https:\\\/\\\/aquelarre.edu.uy\\\/cms\\\/\",\"logo\":{\"@type\":\"ImageObject\",\"inLanguage\":\"es\",\"@id\":\"https:\\\/\\\/aquelarre.edu.uy\\\/cms\\\/#\\\/schema\\\/logo\\\/image\\\/\",\"url\":\"https:\\\/\\\/aquelarre.edu.uy\\\/cms\\\/wp-content\\\/uploads\\\/2022\\\/04\\\/logo-aquelarre-trans.png\",\"contentUrl\":\"https:\\\/\\\/aquelarre.edu.uy\\\/cms\\\/wp-content\\\/uploads\\\/2022\\\/04\\\/logo-aquelarre-trans.png\",\"width\":4411,\"height\":1192,\"caption\":\"Aquelarre escuela de Fotograf\u00eda\"},\"image\":{\"@id\":\"https:\\\/\\\/aquelarre.edu.uy\\\/cms\\\/#\\\/schema\\\/logo\\\/image\\\/\"},\"sameAs\":[\"https:\\\/\\\/www.facebook.com\\\/AQUELARREfotografias\\\/\",\"https:\\\/\\\/x.com\\\/aquelarre_uy\",\"https:\\\/\\\/www.instagram.com\\\/aquelarre.uy\\\/\"]}]}<\/script>\n<!-- \/ Yoast SEO plugin. -->","yoast_head_json":{"title":"CONVENIOS - Aquelarre escuela de Fotograf\u00eda","robots":{"index":"index","follow":"follow","max-snippet":"max-snippet:-1","max-image-preview":"max-image-preview:large","max-video-preview":"max-video-preview:-1"},"canonical":"https:\/\/aquelarre.edu.uy\/cms\/convenios\/","og_locale":"es_ES","og_type":"article","og_title":"CONVENIOS - Aquelarre escuela de Fotograf\u00eda","og_description":"CONVENIOS 10% DE DESCUENTO Convenio a todos sus socios C\u00d3DIGO DE DESCUENTO Convenio v\u00e1lido para nuestros estudiantes en impresiones fotogr\u00e1ficas Pedir c\u00f3digo en la escuela para hacerlo efectivo MATR\u00cdCULA OFF Convenio a todos sus socios 15% DE DESCUENTO Estudiantes de AQUELARRE para alquiler de equipos 10% DE DESCUento Convenio v\u00e1lido para nuestros estudiantes en impresiones [&hellip;]","og_url":"https:\/\/aquelarre.edu.uy\/cms\/convenios\/","og_site_name":"Aquelarre escuela de Fotograf\u00eda","article_publisher":"https:\/\/www.facebook.com\/AQUELARREfotografias\/","article_modified_time":"2025-08-06T21:06:49+00:00","og_image":[{"width":755,"height":679,"url":"https:\/\/aquelarre.edu.uy\/cms\/wp-content\/uploads\/2022\/11\/image0.jpeg","type":"image\/jpeg"}],"twitter_card":"summary_large_image","twitter_site":"@aquelarre_uy","twitter_misc":{"Tiempo de lectura":"2 minutos"},"schema":{"@context":"https:\/\/schema.org","@graph":[{"@type":"WebPage","@id":"https:\/\/aquelarre.edu.uy\/cms\/convenios\/","url":"https:\/\/aquelarre.edu.uy\/cms\/convenios\/","name":"CONVENIOS - Aquelarre escuela de Fotograf\u00eda","isPartOf":{"@id":"https:\/\/aquelarre.edu.uy\/cms\/#website"},"primaryImageOfPage":{"@id":"https:\/\/aquelarre.edu.uy\/cms\/convenios\/#primaryimage"},"image":{"@id":"https:\/\/aquelarre.edu.uy\/cms\/convenios\/#primaryimage"},"thumbnailUrl":"https:\/\/aquelarre.edu.uy\/cms\/wp-content\/uploads\/2022\/11\/image0.jpeg","datePublished":"2022-11-09T20:39:54+00:00","dateModified":"2025-08-06T21:06:49+00:00","inLanguage":"es","potentialAction":[{"@type":"ReadAction","target":["https:\/\/aquelarre.edu.uy\/cms\/convenios\/"]}]},{"@type":"ImageObject","inLanguage":"es","@id":"https:\/\/aquelarre.edu.uy\/cms\/convenios\/#primaryimage","url":"https:\/\/aquelarre.edu.uy\/cms\/wp-content\/uploads\/2022\/11\/image0.jpeg","contentUrl":"https:\/\/aquelarre.edu.uy\/cms\/wp-content\/uploads\/2022\/11\/image0.jpeg","width":755,"height":679},{"@type":"WebSite","@id":"https:\/\/aquelarre.edu.uy\/cms\/#website","url":"https:\/\/aquelarre.edu.uy\/cms\/","name":"Aquelarre escuela de Fotograf\u00eda","description":"Escuela de fotograf\u00eda","publisher":{"@id":"https:\/\/aquelarre.edu.uy\/cms\/#organization"},"potentialAction":[{"@type":"SearchAction","target":{"@type":"EntryPoint","urlTemplate":"https:\/\/aquelarre.edu.uy\/cms\/?s={search_term_string}"},"query-input":{"@type":"PropertyValueSpecification","valueRequired":true,"valueName":"search_term_string"}}],"inLanguage":"es"},{"@type":"Organization","@id":"https:\/\/aquelarre.edu.uy\/cms\/#organization","name":"Aquelarre escuela de Fotograf\u00eda","url":"https:\/\/aquelarre.edu.uy\/cms\/","logo":{"@type":"ImageObject","inLanguage":"es","@id":"https:\/\/aquelarre.edu.uy\/cms\/#\/schema\/logo\/image\/","url":"https:\/\/aquelarre.edu.uy\/cms\/wp-content\/uploads\/2022\/04\/logo-aquelarre-trans.png","contentUrl":"https:\/\/aquelarre.edu.uy\/cms\/wp-content\/uploads\/2022\/04\/logo-aquelarre-trans.png","width":4411,"height":1192,"caption":"Aquelarre escuela de Fotograf\u00eda"},"image":{"@id":"https:\/\/aquelarre.edu.uy\/cms\/#\/schema\/logo\/image\/"},"sameAs":["https:\/\/www.facebook.com\/AQUELARREfotografias\/","https:\/\/x.com\/aquelarre_uy","https:\/\/www.instagram.com\/aquelarre.uy\/"]}]}},"_links":{"self":[{"href":"https:\/\/aquelarre.edu.uy\/cms\/wp-json\/wp\/v2\/pages\/5884","targetHints":{"allow":["GET"]}}],"collection":[{"href":"https:\/\/aquelarre.edu.uy\/cms\/wp-json\/wp\/v2\/pages"}],"about":[{"href":"https:\/\/aquelarre.edu.uy\/cms\/wp-json\/wp\/v2\/types\/page"}],"author":[{"embeddable":true,"href":"https:\/\/aquelarre.edu.uy\/cms\/wp-json\/wp\/v2\/users\/5"}],"replies":[{"embeddable":true,"href":"https:\/\/aquelarre.edu.uy\/cms\/wp-json\/wp\/v2\/comments?post=5884"}],"version-history":[{"count":19,"href":"https:\/\/aquelarre.edu.uy\/cms\/wp-json\/wp\/v2\/pages\/5884\/revisions"}],"predecessor-version":[{"id":8943,"href":"https:\/\/aquelarre.edu.uy\/cms\/wp-json\/wp\/v2\/pages\/5884\/revisions\/8943"}],"wp:attachment":[{"href":"https:\/\/aquelarre.edu.uy\/cms\/wp-json\/wp\/v2\/media?parent=5884"}],"curies":[{"name":"wp","href":"https:\/\/api.w.org\/{rel}","templated":true}]}}