{"id":540,"date":"2018-12-26T14:57:27","date_gmt":"2018-12-26T14:57:27","guid":{"rendered":"http:\/\/aquelarre.uy\/cms\/?page_id=540"},"modified":"2023-01-20T20:31:52","modified_gmt":"2023-01-20T20:31:52","slug":"contacto","status":"publish","type":"page","link":"https:\/\/aquelarre.edu.uy\/cms\/contacto\/","title":{"rendered":"CONTACTO"},"content":{"rendered":"\t\t<div data-elementor-type=\"wp-page\" data-elementor-id=\"540\" class=\"elementor elementor-540\" data-elementor-post-type=\"page\">\n\t\t\t\t\t\t<section class=\"elementor-section elementor-top-section elementor-element elementor-element-ecbfd18 elementor-section-height-min-height elementor-section-boxed elementor-section-height-default elementor-section-items-middle\" data-id=\"ecbfd18\" data-element_type=\"section\" data-e-type=\"section\" data-settings=\"{&quot;background_background&quot;:&quot;classic&quot;}\">\n\t\t\t\t\t\t\t<div class=\"elementor-background-overlay\"><\/div>\n\t\t\t\t\t\t\t<div class=\"elementor-container elementor-column-gap-default\">\n\t\t\t\t\t<div class=\"elementor-column elementor-col-50 elementor-top-column elementor-element elementor-element-9fd10a3\" data-id=\"9fd10a3\" data-element_type=\"column\" data-e-type=\"column\">\n\t\t\t<div class=\"elementor-widget-wrap elementor-element-populated\">\n\t\t\t\t\t\t<div class=\"elementor-element elementor-element-a1f742d elementor-widget elementor-widget-heading\" data-id=\"a1f742d\" data-element_type=\"widget\" data-e-type=\"widget\" data-widget_type=\"heading.default\">\n\t\t\t\t<div class=\"elementor-widget-container\">\n\t\t\t\t\t<h2 class=\"elementor-heading-title elementor-size-default\">CONT\u00c1CTANOS<\/h2>\t\t\t\t<\/div>\n\t\t\t\t<\/div>\n\t\t\t\t\t<\/div>\n\t\t<\/div>\n\t\t\t\t<div class=\"elementor-column elementor-col-50 elementor-top-column elementor-element elementor-element-80249ec\" data-id=\"80249ec\" data-element_type=\"column\" data-e-type=\"column\">\n\t\t\t<div class=\"elementor-widget-wrap elementor-element-populated\">\n\t\t\t\t\t\t<div class=\"elementor-element elementor-element-78905d1 elementor-view-default elementor-widget elementor-widget-icon\" data-id=\"78905d1\" data-element_type=\"widget\" data-e-type=\"widget\" data-widget_type=\"icon.default\">\n\t\t\t\t<div class=\"elementor-widget-container\">\n\t\t\t\t\t\t\t<div class=\"elementor-icon-wrapper\">\n\t\t\t<div class=\"elementor-icon\">\n\t\t\t<i aria-hidden=\"true\" class=\"fas fa-mail-bulk\"><\/i>\t\t\t<\/div>\n\t\t<\/div>\n\t\t\t\t\t\t<\/div>\n\t\t\t\t<\/div>\n\t\t\t\t\t<\/div>\n\t\t<\/div>\n\t\t\t\t\t<\/div>\n\t\t<\/section>\n\t\t\t\t<section class=\"elementor-section elementor-top-section elementor-element elementor-element-2723c43 elementor-section-height-full elementor-section-items-top elementor-section-content-middle elementor-section-boxed elementor-section-height-default\" data-id=\"2723c43\" data-element_type=\"section\" data-e-type=\"section\" data-settings=\"{&quot;background_background&quot;:&quot;classic&quot;}\">\n\t\t\t\t\t\t<div class=\"elementor-container elementor-column-gap-default\">\n\t\t\t\t\t<div class=\"elementor-column elementor-col-100 elementor-top-column elementor-element elementor-element-c45c7d7\" data-id=\"c45c7d7\" data-element_type=\"column\" data-e-type=\"column\">\n\t\t\t<div class=\"elementor-widget-wrap elementor-element-populated\">\n\t\t\t\t\t\t<section class=\"elementor-section elementor-inner-section elementor-element elementor-element-a151c79 elementor-section-boxed elementor-section-height-default elementor-section-height-default\" data-id=\"a151c79\" data-element_type=\"section\" data-e-type=\"section\">\n\t\t\t\t\t\t<div class=\"elementor-container elementor-column-gap-default\">\n\t\t\t\t\t<div class=\"elementor-column elementor-col-50 elementor-inner-column elementor-element elementor-element-f8b1fa2\" data-id=\"f8b1fa2\" data-element_type=\"column\" data-e-type=\"column\">\n\t\t\t<div class=\"elementor-widget-wrap elementor-element-populated\">\n\t\t\t\t\t\t<div class=\"elementor-element elementor-element-1e54aaa elementor-button-align-stretch elementor-widget elementor-widget-form\" data-id=\"1e54aaa\" data-element_type=\"widget\" data-e-type=\"widget\" data-settings=\"{&quot;step_next_label&quot;:&quot;Siguiente&quot;,&quot;step_previous_label&quot;:&quot;Anterior&quot;,&quot;button_width&quot;:&quot;100&quot;,&quot;step_type&quot;:&quot;number_text&quot;,&quot;step_icon_shape&quot;:&quot;circle&quot;}\" data-widget_type=\"form.default\">\n\t\t\t\t<div class=\"elementor-widget-container\">\n\t\t\t\t\t\t\t<form class=\"elementor-form\" method=\"post\" name=\"Nuevo formulario\">\n\t\t\t<input type=\"hidden\" name=\"post_id\" value=\"540\"\/>\n\t\t\t<input type=\"hidden\" name=\"form_id\" value=\"1e54aaa\"\/>\n\t\t\t<input type=\"hidden\" name=\"referer_title\" value=\"CONTACTO - Aquelarre escuela de Fotograf\u00eda\" \/>\n\n\t\t\t\t\t\t\t<input type=\"hidden\" name=\"queried_id\" value=\"540\"\/>\n\t\t\t\n\t\t\t<div class=\"elementor-form-fields-wrapper elementor-labels-above\">\n\t\t\t\t\t\t\t\t<div class=\"elementor-field-type-text elementor-field-group elementor-column elementor-field-group-name elementor-col-100 elementor-field-required elementor-mark-required\">\n\t\t\t\t\t\t\t\t\t\t\t\t<label for=\"form-field-name\" class=\"elementor-field-label\">\n\t\t\t\t\t\t\t\tNombre\t\t\t\t\t\t\t<\/label>\n\t\t\t\t\t\t\t\t\t\t\t\t\t\t<input size=\"1\" type=\"text\" name=\"form_fields[name]\" id=\"form-field-name\" class=\"elementor-field elementor-size-md  elementor-field-textual\" placeholder=\"Nombre\" required=\"required\" aria-required=\"true\">\n\t\t\t\t\t\t\t\t\t\t\t<\/div>\n\t\t\t\t\t\t\t\t<div class=\"elementor-field-type-email elementor-field-group elementor-column elementor-field-group-email elementor-col-100 elementor-field-required elementor-mark-required\">\n\t\t\t\t\t\t\t\t\t\t\t\t<label for=\"form-field-email\" class=\"elementor-field-label\">\n\t\t\t\t\t\t\t\tCorreo electr\u00f3nico\t\t\t\t\t\t\t<\/label>\n\t\t\t\t\t\t\t\t\t\t\t\t\t\t<input size=\"1\" type=\"email\" name=\"form_fields[email]\" id=\"form-field-email\" class=\"elementor-field elementor-size-md  elementor-field-textual\" placeholder=\"Correo electr\u00f3nico\" required=\"required\" aria-required=\"true\">\n\t\t\t\t\t\t\t\t\t\t\t<\/div>\n\t\t\t\t\t\t\t\t<div class=\"elementor-field-type-tel elementor-field-group elementor-column elementor-field-group-field_fd211d1 elementor-col-100 elementor-field-required elementor-mark-required\">\n\t\t\t\t\t\t\t\t\t\t\t\t<label for=\"form-field-field_fd211d1\" class=\"elementor-field-label\">\n\t\t\t\t\t\t\t\tCelular\t\t\t\t\t\t\t<\/label>\n\t\t\t\t\t\t\t\t<input size=\"1\" type=\"tel\" name=\"form_fields[field_fd211d1]\" id=\"form-field-field_fd211d1\" class=\"elementor-field elementor-size-md  elementor-field-textual\" placeholder=\"Celular\" required=\"required\" aria-required=\"true\" pattern=\"[0-9()#&amp;+*-=.]+\" title=\"Solo se aceptan n\u00fameros y caracteres de tel\u00e9fono (#,-,*,etc).\">\n\n\t\t\t\t\t\t<\/div>\n\t\t\t\t\t\t\t\t<div class=\"elementor-field-type-radio elementor-field-group elementor-column elementor-field-group-field_80651e1 elementor-col-100 elementor-field-required elementor-mark-required\">\n\t\t\t\t\t\t\t\t\t\t\t\t<label for=\"form-field-field_80651e1\" class=\"elementor-field-label\">\n\t\t\t\t\t\t\t\tComo llegaste a nosotros\t\t\t\t\t\t\t<\/label>\n\t\t\t\t\t\t<div class=\"elementor-field-subgroup  elementor-subgroup-inline\"><span class=\"elementor-field-option\"><input type=\"radio\" value=\"Facebook\" id=\"form-field-field_80651e1-0\" name=\"form_fields[field_80651e1]\" required=\"required\" aria-required=\"true\"> <label for=\"form-field-field_80651e1-0\">Facebook<\/label><\/span><span class=\"elementor-field-option\"><input type=\"radio\" value=\"Instagram\" id=\"form-field-field_80651e1-1\" name=\"form_fields[field_80651e1]\" required=\"required\" aria-required=\"true\"> <label for=\"form-field-field_80651e1-1\">Instagram<\/label><\/span><span class=\"elementor-field-option\"><input type=\"radio\" value=\"Google\" id=\"form-field-field_80651e1-2\" name=\"form_fields[field_80651e1]\" required=\"required\" aria-required=\"true\"> <label for=\"form-field-field_80651e1-2\">Google<\/label><\/span><span class=\"elementor-field-option\"><input type=\"radio\" value=\"Otro\" id=\"form-field-field_80651e1-3\" name=\"form_fields[field_80651e1]\" required=\"required\" aria-required=\"true\"> <label for=\"form-field-field_80651e1-3\">Otro<\/label><\/span><\/div>\t\t\t\t<\/div>\n\t\t\t\t\t\t\t\t<div class=\"elementor-field-type-select elementor-field-group elementor-column elementor-field-group-field_0437c26 elementor-col-100 elementor-field-required elementor-mark-required\">\n\t\t\t\t\t\t\t\t\t\t\t\t<label for=\"form-field-field_0437c26\" class=\"elementor-field-label\">\n\t\t\t\t\t\t\t\tCurso\t\t\t\t\t\t\t<\/label>\n\t\t\t\t\t\t\t\t<div class=\"elementor-field elementor-select-wrapper remove-before \">\n\t\t\t<div class=\"select-caret-down-wrapper\">\n\t\t\t\t<i aria-hidden=\"true\" class=\"eicon-caret-down\"><\/i>\t\t\t<\/div>\n\t\t\t<select name=\"form_fields[field_0437c26]\" id=\"form-field-field_0437c26\" class=\"elementor-field-textual elementor-size-md\" required=\"required\" aria-required=\"true\">\n\t\t\t\t\t\t\t\t\t<option value=\"Curso de Fotograf\u00eda\">Curso de Fotograf\u00eda<\/option>\n\t\t\t\t\t\t\t\t\t<option value=\"Iluminaci\u00f3n de Estudio\">Iluminaci\u00f3n de Estudio<\/option>\n\t\t\t\t\t\t\t\t\t<option value=\"Edici\u00f3n Digital Integral\">Edici\u00f3n Digital Integral<\/option>\n\t\t\t\t\t\t\t\t\t<option value=\"Reportaje Fotogr\u00e1fico\">Reportaje Fotogr\u00e1fico<\/option>\n\t\t\t\t\t\t\t\t\t<option value=\"Curso de Video\">Curso de Video<\/option>\n\t\t\t\t\t\t\t\t\t<option value=\"Eventos Sociales\">Eventos Sociales<\/option>\n\t\t\t\t\t\t\t\t\t<option value=\"Retrato Fotogr\u00e1fico\">Retrato Fotogr\u00e1fico<\/option>\n\t\t\t\t\t\t\t\t\t<option value=\"Foto y Video con Smartphones\">Foto y Video con Smartphones<\/option>\n\t\t\t\t\t\t\t\t\t<option value=\"Fotograf\u00eda Nocturna\">Fotograf\u00eda Nocturna<\/option>\n\t\t\t\t\t\t\t\t\t<option value=\"Flash de Reportaje\">Flash de Reportaje<\/option>\n\t\t\t\t\t\t\t\t\t<option value=\"Fotograf\u00eda de Verano\">Fotograf\u00eda de Verano<\/option>\n\t\t\t\t\t\t\t\t\t<option value=\"Curso de Autorretrato\">Curso de Autorretrato<\/option>\n\t\t\t\t\t\t\t\t\t<option value=\"Curso Online de Fotograf\u00eda\">Curso Online de Fotograf\u00eda<\/option>\n\t\t\t\t\t\t\t\t\t<option value=\"Fotograf\u00eda de Paisaje Online\">Fotograf\u00eda de Paisaje Online<\/option>\n\t\t\t\t\t\t\t\t\t<option value=\"Photoshop y Lightroom Online\">Photoshop y Lightroom Online<\/option>\n\t\t\t\t\t\t\t<\/select>\n\t\t<\/div>\n\t\t\t\t\t\t<\/div>\n\t\t\t\t\t\t\t\t<div class=\"elementor-field-type-textarea elementor-field-group elementor-column elementor-field-group-message elementor-col-100 elementor-field-required elementor-mark-required\">\n\t\t\t\t\t\t\t\t\t\t\t\t<label for=\"form-field-message\" class=\"elementor-field-label\">\n\t\t\t\t\t\t\t\tMensaje\t\t\t\t\t\t\t<\/label>\n\t\t\t\t\t\t<textarea class=\"elementor-field-textual elementor-field  elementor-size-md\" name=\"form_fields[message]\" id=\"form-field-message\" rows=\"4\" placeholder=\"Mensaje\" required=\"required\" aria-required=\"true\"><\/textarea>\t\t\t\t<\/div>\n\t\t\t\t\t\t\t\t<div class=\"elementor-field-type-recaptcha elementor-field-group elementor-column elementor-field-group-field_ca2ec1a elementor-col-100\">\n\t\t\t\t\t<div class=\"elementor-field\" id=\"form-field-field_ca2ec1a\"><div class=\"elementor-g-recaptcha\" data-sitekey=\"6LeWUxQkAAAAACDnM3sNAzVz8slxbCiUlrpZCwbN\" data-type=\"v2_checkbox\" data-theme=\"dark\" data-size=\"normal\"><\/div><\/div>\t\t\t\t<\/div>\n\t\t\t\t\t\t\t\t<div class=\"elementor-field-type-text\">\n\t\t\t\t\t<input size=\"1\" type=\"text\" name=\"form_fields[field_14286f4]\" id=\"form-field-field_14286f4\" class=\"elementor-field elementor-size-md \" style=\"display:none !important;\">\t\t\t\t<\/div>\n\t\t\t\t\t\t\t\t<div class=\"elementor-field-group elementor-column elementor-field-type-submit elementor-col-100 e-form__buttons\">\n\t\t\t\t\t<button class=\"elementor-button elementor-size-md elementor-animation-shrink\" type=\"submit\">\n\t\t\t\t\t\t<span class=\"elementor-button-content-wrapper\">\n\t\t\t\t\t\t\t\t\t\t\t\t\t\t\t\t\t\t\t\t\t\t<span class=\"elementor-button-text\">Enviar<\/span>\n\t\t\t\t\t\t\t\t\t\t\t\t\t<\/span>\n\t\t\t\t\t<\/button>\n\t\t\t\t<\/div>\n\t\t\t<\/div>\n\t\t<\/form>\n\t\t\t\t\t\t<\/div>\n\t\t\t\t<\/div>\n\t\t\t\t\t<\/div>\n\t\t<\/div>\n\t\t\t\t<div class=\"elementor-column elementor-col-50 elementor-inner-column elementor-element elementor-element-9159861\" data-id=\"9159861\" data-element_type=\"column\" data-e-type=\"column\">\n\t\t\t<div class=\"elementor-widget-wrap elementor-element-populated\">\n\t\t\t\t\t\t<div class=\"elementor-element elementor-element-257ceae elementor-widget elementor-widget-image\" data-id=\"257ceae\" data-element_type=\"widget\" data-e-type=\"widget\" data-widget_type=\"image.default\">\n\t\t\t\t<div class=\"elementor-widget-container\">\n\t\t\t\t\t\t\t\t\t\t\t\t\t\t\t<img fetchpriority=\"high\" decoding=\"async\" width=\"800\" height=\"530\" src=\"https:\/\/aquelarre.edu.uy\/cms\/wp-content\/uploads\/2018\/12\/DSC3212-1024x678.png\" class=\"attachment-large size-large wp-image-318\" alt=\"\" srcset=\"https:\/\/aquelarre.edu.uy\/cms\/wp-content\/uploads\/2018\/12\/DSC3212-1024x678.png 1024w, https:\/\/aquelarre.edu.uy\/cms\/wp-content\/uploads\/2018\/12\/DSC3212-300x199.png 300w, https:\/\/aquelarre.edu.uy\/cms\/wp-content\/uploads\/2018\/12\/DSC3212-768x509.png 768w, https:\/\/aquelarre.edu.uy\/cms\/wp-content\/uploads\/2018\/12\/DSC3212-845x560.png 845w, https:\/\/aquelarre.edu.uy\/cms\/wp-content\/uploads\/2018\/12\/DSC3212-151x100.png 151w, https:\/\/aquelarre.edu.uy\/cms\/wp-content\/uploads\/2018\/12\/DSC3212-e1595444707948.png 1501w\" sizes=\"(max-width: 800px) 100vw, 800px\" \/>\t\t\t\t\t\t\t\t\t\t\t\t\t\t\t<\/div>\n\t\t\t\t<\/div>\n\t\t\t\t\t<\/div>\n\t\t<\/div>\n\t\t\t\t\t<\/div>\n\t\t<\/section>\n\t\t\t\t\t<\/div>\n\t\t<\/div>\n\t\t\t\t\t<\/div>\n\t\t<\/section>\n\t\t\t\t<section class=\"elementor-section elementor-top-section elementor-element elementor-element-a6fc89c elementor-section-boxed elementor-section-height-default elementor-section-height-default\" data-id=\"a6fc89c\" data-element_type=\"section\" data-e-type=\"section\">\n\t\t\t\t\t\t<div class=\"elementor-container elementor-column-gap-default\">\n\t\t\t\t\t<div class=\"elementor-column elementor-col-100 elementor-top-column elementor-element elementor-element-5ae9ca3\" data-id=\"5ae9ca3\" data-element_type=\"column\" data-e-type=\"column\">\n\t\t\t<div class=\"elementor-widget-wrap elementor-element-populated\">\n\t\t\t\t\t\t<div class=\"elementor-element elementor-element-4af6dfd elementor-widget elementor-widget-text-editor\" data-id=\"4af6dfd\" data-element_type=\"widget\" data-e-type=\"widget\" data-widget_type=\"text-editor.default\">\n\t\t\t\t<div class=\"elementor-widget-container\">\n\t\t\t\t\t\t\t\t\t<p>Te responderemos a la brevedad.<br \/>Gracias por compartir la alegr\u00eda de la fotograf\u00eda<\/p>\t\t\t\t\t\t\t\t<\/div>\n\t\t\t\t<\/div>\n\t\t\t\t\t<\/div>\n\t\t<\/div>\n\t\t\t\t\t<\/div>\n\t\t<\/section>\n\t\t\t\t<\/div>\n\t\t","protected":false},"excerpt":{"rendered":"<p>CONT\u00c1CTANOS Te responderemos a la brevedad.Gracias por compartir la alegr\u00eda de la fotograf\u00eda<\/p>\n","protected":false},"author":3,"featured_media":0,"parent":0,"menu_order":0,"comment_status":"closed","ping_status":"closed","template":"","meta":{"_joinchat":[],"footnotes":""},"class_list":["post-540","page","type-page","status-publish","hentry"],"yoast_head":"<!-- This site is optimized with the Yoast SEO plugin v27.4 - https:\/\/yoast.com\/product\/yoast-seo-wordpress\/ -->\n<title>CONTACTO - Aquelarre escuela de Fotograf\u00eda<\/title>\n<meta name=\"robots\" content=\"index, follow, max-snippet:-1, max-image-preview:large, max-video-preview:-1\" \/>\n<link rel=\"canonical\" href=\"https:\/\/aquelarre.edu.uy\/cms\/contacto\/\" \/>\n<meta property=\"og:locale\" content=\"es_ES\" \/>\n<meta property=\"og:type\" content=\"article\" \/>\n<meta property=\"og:title\" content=\"CONTACTO - Aquelarre escuela de Fotograf\u00eda\" \/>\n<meta property=\"og:description\" content=\"CONT\u00c1CTANOS Te responderemos a la brevedad.Gracias por compartir la alegr\u00eda de la fotograf\u00eda\" \/>\n<meta property=\"og:url\" content=\"https:\/\/aquelarre.edu.uy\/cms\/contacto\/\" \/>\n<meta property=\"og:site_name\" content=\"Aquelarre escuela de Fotograf\u00eda\" \/>\n<meta property=\"article:publisher\" content=\"https:\/\/www.facebook.com\/AQUELARREfotografias\/\" \/>\n<meta property=\"article:modified_time\" content=\"2023-01-20T20:31:52+00:00\" \/>\n<meta property=\"og:image\" content=\"http:\/\/aquelarre.edu.uy\/cms\/wp-content\/uploads\/2018\/12\/DSC3212-1024x678.png\" \/>\n<meta name=\"twitter:card\" content=\"summary_large_image\" \/>\n<meta name=\"twitter:site\" content=\"@aquelarre_uy\" \/>\n<meta name=\"twitter:label1\" content=\"Tiempo de lectura\" \/>\n\t<meta name=\"twitter:data1\" content=\"1 minuto\" \/>\n<script type=\"application\/ld+json\" class=\"yoast-schema-graph\">{\"@context\":\"https:\\\/\\\/schema.org\",\"@graph\":[{\"@type\":\"WebPage\",\"@id\":\"https:\\\/\\\/aquelarre.edu.uy\\\/cms\\\/contacto\\\/\",\"url\":\"https:\\\/\\\/aquelarre.edu.uy\\\/cms\\\/contacto\\\/\",\"name\":\"CONTACTO - Aquelarre escuela de Fotograf\u00eda\",\"isPartOf\":{\"@id\":\"https:\\\/\\\/aquelarre.edu.uy\\\/cms\\\/#website\"},\"primaryImageOfPage\":{\"@id\":\"https:\\\/\\\/aquelarre.edu.uy\\\/cms\\\/contacto\\\/#primaryimage\"},\"image\":{\"@id\":\"https:\\\/\\\/aquelarre.edu.uy\\\/cms\\\/contacto\\\/#primaryimage\"},\"thumbnailUrl\":\"http:\\\/\\\/aquelarre.edu.uy\\\/cms\\\/wp-content\\\/uploads\\\/2018\\\/12\\\/DSC3212-1024x678.png\",\"datePublished\":\"2018-12-26T14:57:27+00:00\",\"dateModified\":\"2023-01-20T20:31:52+00:00\",\"inLanguage\":\"es\",\"potentialAction\":[{\"@type\":\"ReadAction\",\"target\":[\"https:\\\/\\\/aquelarre.edu.uy\\\/cms\\\/contacto\\\/\"]}]},{\"@type\":\"ImageObject\",\"inLanguage\":\"es\",\"@id\":\"https:\\\/\\\/aquelarre.edu.uy\\\/cms\\\/contacto\\\/#primaryimage\",\"url\":\"http:\\\/\\\/aquelarre.edu.uy\\\/cms\\\/wp-content\\\/uploads\\\/2018\\\/12\\\/DSC3212-1024x678.png\",\"contentUrl\":\"http:\\\/\\\/aquelarre.edu.uy\\\/cms\\\/wp-content\\\/uploads\\\/2018\\\/12\\\/DSC3212-1024x678.png\"},{\"@type\":\"WebSite\",\"@id\":\"https:\\\/\\\/aquelarre.edu.uy\\\/cms\\\/#website\",\"url\":\"https:\\\/\\\/aquelarre.edu.uy\\\/cms\\\/\",\"name\":\"Aquelarre escuela de Fotograf\u00eda\",\"description\":\"Escuela de fotograf\u00eda\",\"publisher\":{\"@id\":\"https:\\\/\\\/aquelarre.edu.uy\\\/cms\\\/#organization\"},\"potentialAction\":[{\"@type\":\"SearchAction\",\"target\":{\"@type\":\"EntryPoint\",\"urlTemplate\":\"https:\\\/\\\/aquelarre.edu.uy\\\/cms\\\/?s={search_term_string}\"},\"query-input\":{\"@type\":\"PropertyValueSpecification\",\"valueRequired\":true,\"valueName\":\"search_term_string\"}}],\"inLanguage\":\"es\"},{\"@type\":\"Organization\",\"@id\":\"https:\\\/\\\/aquelarre.edu.uy\\\/cms\\\/#organization\",\"name\":\"Aquelarre escuela de Fotograf\u00eda\",\"url\":\"https:\\\/\\\/aquelarre.edu.uy\\\/cms\\\/\",\"logo\":{\"@type\":\"ImageObject\",\"inLanguage\":\"es\",\"@id\":\"https:\\\/\\\/aquelarre.edu.uy\\\/cms\\\/#\\\/schema\\\/logo\\\/image\\\/\",\"url\":\"https:\\\/\\\/aquelarre.edu.uy\\\/cms\\\/wp-content\\\/uploads\\\/2022\\\/04\\\/logo-aquelarre-trans.png\",\"contentUrl\":\"https:\\\/\\\/aquelarre.edu.uy\\\/cms\\\/wp-content\\\/uploads\\\/2022\\\/04\\\/logo-aquelarre-trans.png\",\"width\":4411,\"height\":1192,\"caption\":\"Aquelarre escuela de Fotograf\u00eda\"},\"image\":{\"@id\":\"https:\\\/\\\/aquelarre.edu.uy\\\/cms\\\/#\\\/schema\\\/logo\\\/image\\\/\"},\"sameAs\":[\"https:\\\/\\\/www.facebook.com\\\/AQUELARREfotografias\\\/\",\"https:\\\/\\\/x.com\\\/aquelarre_uy\",\"https:\\\/\\\/www.instagram.com\\\/aquelarre.uy\\\/\"]}]}<\/script>\n<!-- \/ Yoast SEO plugin. -->","yoast_head_json":{"title":"CONTACTO - Aquelarre escuela de Fotograf\u00eda","robots":{"index":"index","follow":"follow","max-snippet":"max-snippet:-1","max-image-preview":"max-image-preview:large","max-video-preview":"max-video-preview:-1"},"canonical":"https:\/\/aquelarre.edu.uy\/cms\/contacto\/","og_locale":"es_ES","og_type":"article","og_title":"CONTACTO - Aquelarre escuela de Fotograf\u00eda","og_description":"CONT\u00c1CTANOS Te responderemos a la brevedad.Gracias por compartir la alegr\u00eda de la fotograf\u00eda","og_url":"https:\/\/aquelarre.edu.uy\/cms\/contacto\/","og_site_name":"Aquelarre escuela de Fotograf\u00eda","article_publisher":"https:\/\/www.facebook.com\/AQUELARREfotografias\/","article_modified_time":"2023-01-20T20:31:52+00:00","og_image":[{"url":"http:\/\/aquelarre.edu.uy\/cms\/wp-content\/uploads\/2018\/12\/DSC3212-1024x678.png","type":"","width":"","height":""}],"twitter_card":"summary_large_image","twitter_site":"@aquelarre_uy","twitter_misc":{"Tiempo de lectura":"1 minuto"},"schema":{"@context":"https:\/\/schema.org","@graph":[{"@type":"WebPage","@id":"https:\/\/aquelarre.edu.uy\/cms\/contacto\/","url":"https:\/\/aquelarre.edu.uy\/cms\/contacto\/","name":"CONTACTO - Aquelarre escuela de Fotograf\u00eda","isPartOf":{"@id":"https:\/\/aquelarre.edu.uy\/cms\/#website"},"primaryImageOfPage":{"@id":"https:\/\/aquelarre.edu.uy\/cms\/contacto\/#primaryimage"},"image":{"@id":"https:\/\/aquelarre.edu.uy\/cms\/contacto\/#primaryimage"},"thumbnailUrl":"http:\/\/aquelarre.edu.uy\/cms\/wp-content\/uploads\/2018\/12\/DSC3212-1024x678.png","datePublished":"2018-12-26T14:57:27+00:00","dateModified":"2023-01-20T20:31:52+00:00","inLanguage":"es","potentialAction":[{"@type":"ReadAction","target":["https:\/\/aquelarre.edu.uy\/cms\/contacto\/"]}]},{"@type":"ImageObject","inLanguage":"es","@id":"https:\/\/aquelarre.edu.uy\/cms\/contacto\/#primaryimage","url":"http:\/\/aquelarre.edu.uy\/cms\/wp-content\/uploads\/2018\/12\/DSC3212-1024x678.png","contentUrl":"http:\/\/aquelarre.edu.uy\/cms\/wp-content\/uploads\/2018\/12\/DSC3212-1024x678.png"},{"@type":"WebSite","@id":"https:\/\/aquelarre.edu.uy\/cms\/#website","url":"https:\/\/aquelarre.edu.uy\/cms\/","name":"Aquelarre escuela de Fotograf\u00eda","description":"Escuela de fotograf\u00eda","publisher":{"@id":"https:\/\/aquelarre.edu.uy\/cms\/#organization"},"potentialAction":[{"@type":"SearchAction","target":{"@type":"EntryPoint","urlTemplate":"https:\/\/aquelarre.edu.uy\/cms\/?s={search_term_string}"},"query-input":{"@type":"PropertyValueSpecification","valueRequired":true,"valueName":"search_term_string"}}],"inLanguage":"es"},{"@type":"Organization","@id":"https:\/\/aquelarre.edu.uy\/cms\/#organization","name":"Aquelarre escuela de Fotograf\u00eda","url":"https:\/\/aquelarre.edu.uy\/cms\/","logo":{"@type":"ImageObject","inLanguage":"es","@id":"https:\/\/aquelarre.edu.uy\/cms\/#\/schema\/logo\/image\/","url":"https:\/\/aquelarre.edu.uy\/cms\/wp-content\/uploads\/2022\/04\/logo-aquelarre-trans.png","contentUrl":"https:\/\/aquelarre.edu.uy\/cms\/wp-content\/uploads\/2022\/04\/logo-aquelarre-trans.png","width":4411,"height":1192,"caption":"Aquelarre escuela de Fotograf\u00eda"},"image":{"@id":"https:\/\/aquelarre.edu.uy\/cms\/#\/schema\/logo\/image\/"},"sameAs":["https:\/\/www.facebook.com\/AQUELARREfotografias\/","https:\/\/x.com\/aquelarre_uy","https:\/\/www.instagram.com\/aquelarre.uy\/"]}]}},"_links":{"self":[{"href":"https:\/\/aquelarre.edu.uy\/cms\/wp-json\/wp\/v2\/pages\/540","targetHints":{"allow":["GET"]}}],"collection":[{"href":"https:\/\/aquelarre.edu.uy\/cms\/wp-json\/wp\/v2\/pages"}],"about":[{"href":"https:\/\/aquelarre.edu.uy\/cms\/wp-json\/wp\/v2\/types\/page"}],"author":[{"embeddable":true,"href":"https:\/\/aquelarre.edu.uy\/cms\/wp-json\/wp\/v2\/users\/3"}],"replies":[{"embeddable":true,"href":"https:\/\/aquelarre.edu.uy\/cms\/wp-json\/wp\/v2\/comments?post=540"}],"version-history":[{"count":66,"href":"https:\/\/aquelarre.edu.uy\/cms\/wp-json\/wp\/v2\/pages\/540\/revisions"}],"predecessor-version":[{"id":6130,"href":"https:\/\/aquelarre.edu.uy\/cms\/wp-json\/wp\/v2\/pages\/540\/revisions\/6130"}],"wp:attachment":[{"href":"https:\/\/aquelarre.edu.uy\/cms\/wp-json\/wp\/v2\/media?parent=540"}],"curies":[{"name":"wp","href":"https:\/\/api.w.org\/{rel}","templated":true}]}}