{"id":2163,"date":"2020-05-10T04:05:33","date_gmt":"2020-05-10T04:05:33","guid":{"rendered":"http:\/\/aquelarre.uy\/cms\/?page_id=2163"},"modified":"2022-08-11T19:36:18","modified_gmt":"2022-08-11T19:36:18","slug":"cursos-online","status":"publish","type":"page","link":"https:\/\/aquelarre.edu.uy\/cms\/home\/cursos-online\/","title":{"rendered":"CURSOS ONLINE"},"content":{"rendered":"\t\t<div data-elementor-type=\"wp-page\" data-elementor-id=\"2163\" class=\"elementor elementor-2163\" data-elementor-post-type=\"page\">\n\t\t\t\t\t\t<section class=\"elementor-section elementor-top-section elementor-element elementor-element-ee01e66 elementor-section-boxed elementor-section-height-default elementor-section-height-default\" data-id=\"ee01e66\" data-element_type=\"section\" data-e-type=\"section\">\n\t\t\t\t\t\t<div class=\"elementor-container elementor-column-gap-default\">\n\t\t\t\t\t<div class=\"elementor-column elementor-col-50 elementor-top-column elementor-element elementor-element-6f08088\" data-id=\"6f08088\" data-element_type=\"column\" data-e-type=\"column\">\n\t\t\t<div class=\"elementor-widget-wrap elementor-element-populated\">\n\t\t\t\t\t\t<div class=\"elementor-element elementor-element-82eb679 elementor-widget elementor-widget-heading\" data-id=\"82eb679\" data-element_type=\"widget\" data-e-type=\"widget\" data-widget_type=\"heading.default\">\n\t\t\t\t<div class=\"elementor-widget-container\">\n\t\t\t\t\t<h2 class=\"elementor-heading-title elementor-size-default\">CURSOS ONLINE<\/h2>\t\t\t\t<\/div>\n\t\t\t\t<\/div>\n\t\t\t\t<div class=\"elementor-element elementor-element-f6e0cbe elementor-widget elementor-widget-heading\" data-id=\"f6e0cbe\" data-element_type=\"widget\" data-e-type=\"widget\" data-widget_type=\"heading.default\">\n\t\t\t\t<div class=\"elementor-widget-container\">\n\t\t\t\t\t<h3 class=\"elementor-heading-title elementor-size-default\">Te damos la bienvenida a nuestros cursos online de fotograf\u00eda.\nSi bien la modalidad es online, son tipo teleconferencia, donde las clases se realizar\u00e1n en los d\u00edas y horarios indicados en cada curso. \nLos estudiantes pueden intervenir, plantear dudas, hacer aportes e interactuar con el docente y su compa\u00f1eros de curso.<\/h3>\t\t\t\t<\/div>\n\t\t\t\t<\/div>\n\t\t\t\t\t<\/div>\n\t\t<\/div>\n\t\t\t\t<div class=\"elementor-column elementor-col-50 elementor-top-column elementor-element elementor-element-726a801\" data-id=\"726a801\" data-element_type=\"column\" data-e-type=\"column\">\n\t\t\t<div class=\"elementor-widget-wrap elementor-element-populated\">\n\t\t\t\t\t\t<div class=\"elementor-element elementor-element-34deeac elementor-widget elementor-widget-image\" data-id=\"34deeac\" data-element_type=\"widget\" data-e-type=\"widget\" data-widget_type=\"image.default\">\n\t\t\t\t<div class=\"elementor-widget-container\">\n\t\t\t\t\t\t\t\t\t\t\t\t\t\t\t<img fetchpriority=\"high\" decoding=\"async\" width=\"768\" height=\"509\" src=\"https:\/\/aquelarre.edu.uy\/cms\/wp-content\/uploads\/2020\/10\/DSC3739-768x509.jpg\" class=\"attachment-medium_large size-medium_large wp-image-2992\" alt=\"aquelarre escuela de fotograf\u00eda, curso de fotograf\u00eda, escuela de fotograf\u00eda\" srcset=\"https:\/\/aquelarre.edu.uy\/cms\/wp-content\/uploads\/2020\/10\/DSC3739-768x509.jpg 768w, https:\/\/aquelarre.edu.uy\/cms\/wp-content\/uploads\/2020\/10\/DSC3739-300x199.jpg 300w, https:\/\/aquelarre.edu.uy\/cms\/wp-content\/uploads\/2020\/10\/DSC3739-1024x679.jpg 1024w, https:\/\/aquelarre.edu.uy\/cms\/wp-content\/uploads\/2020\/10\/DSC3739-845x560.jpg 845w, https:\/\/aquelarre.edu.uy\/cms\/wp-content\/uploads\/2020\/10\/DSC3739-151x100.jpg 151w, https:\/\/aquelarre.edu.uy\/cms\/wp-content\/uploads\/2020\/10\/DSC3739.jpg 1100w\" sizes=\"(max-width: 768px) 100vw, 768px\" \/>\t\t\t\t\t\t\t\t\t\t\t\t\t\t\t<\/div>\n\t\t\t\t<\/div>\n\t\t\t\t\t<\/div>\n\t\t<\/div>\n\t\t\t\t\t<\/div>\n\t\t<\/section>\n\t\t\t\t<section class=\"elementor-section elementor-top-section elementor-element elementor-element-1d555e9 elementor-section-boxed elementor-section-height-default elementor-section-height-default\" data-id=\"1d555e9\" data-element_type=\"section\" data-e-type=\"section\">\n\t\t\t\t\t\t<div class=\"elementor-container elementor-column-gap-default\">\n\t\t\t\t\t<div class=\"elementor-column elementor-col-33 elementor-top-column elementor-element elementor-element-a4a34b9\" data-id=\"a4a34b9\" data-element_type=\"column\" data-e-type=\"column\">\n\t\t\t<div class=\"elementor-widget-wrap elementor-element-populated\">\n\t\t\t\t\t\t<div class=\"elementor-element elementor-element-2859666 elementor-widget elementor-widget-image\" data-id=\"2859666\" data-element_type=\"widget\" data-e-type=\"widget\" data-widget_type=\"image.default\">\n\t\t\t\t<div class=\"elementor-widget-container\">\n\t\t\t\t\t\t\t\t\t\t\t\t\t\t\t\t<a href=\"http:\/\/aquelarre.edu.uy\/cms\/home\/cursos-online\/curso-fotografia-online\/\">\n\t\t\t\t\t\t\t<img decoding=\"async\" src=\"http:\/\/aquelarre.edu.uy\/cms\/wp-content\/uploads\/2022\/08\/FOTOGRAfIA-2023.jpg\" title=\"\" alt=\"\" class=\"elementor-animation-shrink\" loading=\"lazy\" \/>\t\t\t\t\t\t\t\t<\/a>\n\t\t\t\t\t\t\t\t\t\t\t\t\t\t\t<\/div>\n\t\t\t\t<\/div>\n\t\t\t\t\t<\/div>\n\t\t<\/div>\n\t\t\t\t<div class=\"elementor-column elementor-col-33 elementor-top-column elementor-element elementor-element-40256c4\" data-id=\"40256c4\" data-element_type=\"column\" data-e-type=\"column\">\n\t\t\t<div class=\"elementor-widget-wrap elementor-element-populated\">\n\t\t\t\t\t\t<div class=\"elementor-element elementor-element-066f4f4 elementor-widget elementor-widget-image\" data-id=\"066f4f4\" data-element_type=\"widget\" data-e-type=\"widget\" data-widget_type=\"image.default\">\n\t\t\t\t<div class=\"elementor-widget-container\">\n\t\t\t\t\t\t\t\t\t\t\t\t\t\t\t\t<a href=\"http:\/\/aquelarre.edu.uy\/cms\/home\/cursos-online\/photoshop-lightroom-online\/\">\n\t\t\t\t\t\t\t<img decoding=\"async\" src=\"http:\/\/aquelarre.edu.uy\/cms\/wp-content\/uploads\/2022\/07\/photoshop-y-lightroom-post.jpg\" title=\"\" alt=\"\" class=\"elementor-animation-shrink\" loading=\"lazy\" \/>\t\t\t\t\t\t\t\t<\/a>\n\t\t\t\t\t\t\t\t\t\t\t\t\t\t\t<\/div>\n\t\t\t\t<\/div>\n\t\t\t\t\t<\/div>\n\t\t<\/div>\n\t\t\t\t<div class=\"elementor-column elementor-col-33 elementor-top-column elementor-element elementor-element-e2b2eb7\" data-id=\"e2b2eb7\" data-element_type=\"column\" data-e-type=\"column\">\n\t\t\t<div class=\"elementor-widget-wrap elementor-element-populated\">\n\t\t\t\t\t\t<div class=\"elementor-element elementor-element-c64a9eb elementor-widget elementor-widget-image\" data-id=\"c64a9eb\" data-element_type=\"widget\" data-e-type=\"widget\" data-widget_type=\"image.default\">\n\t\t\t\t<div class=\"elementor-widget-container\">\n\t\t\t\t\t\t\t\t\t\t\t\t\t\t\t\t<a href=\"http:\/\/aquelarre.edu.uy\/cms\/home\/cursos-online\/paisaje-online\/\">\n\t\t\t\t\t\t\t<img decoding=\"async\" src=\"http:\/\/aquelarre.edu.uy\/cms\/wp-content\/uploads\/2021\/02\/fotografia-de-paisaje-post.jpg\" title=\"\" alt=\"\" class=\"elementor-animation-shrink\" loading=\"lazy\" \/>\t\t\t\t\t\t\t\t<\/a>\n\t\t\t\t\t\t\t\t\t\t\t\t\t\t\t<\/div>\n\t\t\t\t<\/div>\n\t\t\t\t\t<\/div>\n\t\t<\/div>\n\t\t\t\t\t<\/div>\n\t\t<\/section>\n\t\t\t\t<\/div>\n\t\t","protected":false},"excerpt":{"rendered":"<p>CURSOS ONLINE Te damos la bienvenida a nuestros cursos online de fotograf\u00eda. Si bien la modalidad es online, son tipo teleconferencia, donde las clases se realizar\u00e1n en los d\u00edas y horarios indicados en cada curso. Los estudiantes pueden intervenir, plantear dudas, hacer aportes e interactuar con el docente y su compa\u00f1eros de curso.<\/p>\n","protected":false},"author":3,"featured_media":0,"parent":4770,"menu_order":0,"comment_status":"closed","ping_status":"closed","template":"","meta":{"_joinchat":[],"footnotes":""},"class_list":["post-2163","page","type-page","status-publish","hentry"],"yoast_head":"<!-- This site is optimized with the Yoast SEO plugin v27.4 - https:\/\/yoast.com\/product\/yoast-seo-wordpress\/ -->\n<title>CURSOS ONLINE | AQUELARRE Escuela de Fotograf\u00eda | Montevideo<\/title>\n<meta name=\"description\" content=\"Cursos online de fotograf\u00eda. Cursos de fotograf\u00eda a distancia. Aquelarre online. 28 a\u00f1os formando fot\u00f3grafos. Online y Semipresenciales.\" \/>\n<meta name=\"robots\" content=\"index, follow, max-snippet:-1, max-image-preview:large, max-video-preview:-1\" \/>\n<link rel=\"canonical\" href=\"https:\/\/aquelarre.edu.uy\/cms\/home\/cursos-online\/\" \/>\n<meta property=\"og:locale\" content=\"es_ES\" \/>\n<meta property=\"og:type\" content=\"article\" \/>\n<meta property=\"og:title\" content=\"CURSOS ONLINE | AQUELARRE Escuela de Fotograf\u00eda | Montevideo\" \/>\n<meta property=\"og:description\" content=\"Cursos online de fotograf\u00eda. Cursos de fotograf\u00eda a distancia. Aquelarre online. 28 a\u00f1os formando fot\u00f3grafos. Online y Semipresenciales.\" \/>\n<meta property=\"og:url\" content=\"https:\/\/aquelarre.edu.uy\/cms\/home\/cursos-online\/\" \/>\n<meta property=\"og:site_name\" content=\"Aquelarre escuela de Fotograf\u00eda\" \/>\n<meta property=\"article:publisher\" content=\"https:\/\/www.facebook.com\/AQUELARREfotografias\/\" \/>\n<meta property=\"article:modified_time\" content=\"2022-08-11T19:36:18+00:00\" \/>\n<meta property=\"og:image\" content=\"http:\/\/aquelarre.edu.uy\/cms\/wp-content\/uploads\/2020\/10\/DSC3739-768x509.jpg\" \/>\n<meta name=\"twitter:card\" content=\"summary_large_image\" \/>\n<meta name=\"twitter:site\" content=\"@aquelarre_uy\" \/>\n<meta name=\"twitter:label1\" content=\"Tiempo de lectura\" \/>\n\t<meta name=\"twitter:data1\" content=\"2 minutos\" \/>\n<script type=\"application\/ld+json\" class=\"yoast-schema-graph\">{\"@context\":\"https:\\\/\\\/schema.org\",\"@graph\":[{\"@type\":\"WebPage\",\"@id\":\"https:\\\/\\\/aquelarre.edu.uy\\\/cms\\\/home\\\/cursos-online\\\/\",\"url\":\"https:\\\/\\\/aquelarre.edu.uy\\\/cms\\\/home\\\/cursos-online\\\/\",\"name\":\"CURSOS ONLINE | AQUELARRE Escuela de Fotograf\u00eda | Montevideo\",\"isPartOf\":{\"@id\":\"https:\\\/\\\/aquelarre.edu.uy\\\/cms\\\/#website\"},\"primaryImageOfPage\":{\"@id\":\"https:\\\/\\\/aquelarre.edu.uy\\\/cms\\\/home\\\/cursos-online\\\/#primaryimage\"},\"image\":{\"@id\":\"https:\\\/\\\/aquelarre.edu.uy\\\/cms\\\/home\\\/cursos-online\\\/#primaryimage\"},\"thumbnailUrl\":\"http:\\\/\\\/aquelarre.edu.uy\\\/cms\\\/wp-content\\\/uploads\\\/2020\\\/10\\\/DSC3739-768x509.jpg\",\"datePublished\":\"2020-05-10T04:05:33+00:00\",\"dateModified\":\"2022-08-11T19:36:18+00:00\",\"description\":\"Cursos online de fotograf\u00eda. Cursos de fotograf\u00eda a distancia. Aquelarre online. 28 a\u00f1os formando fot\u00f3grafos. Online y Semipresenciales.\",\"breadcrumb\":{\"@id\":\"https:\\\/\\\/aquelarre.edu.uy\\\/cms\\\/home\\\/cursos-online\\\/#breadcrumb\"},\"inLanguage\":\"es\",\"potentialAction\":[{\"@type\":\"ReadAction\",\"target\":[\"https:\\\/\\\/aquelarre.edu.uy\\\/cms\\\/home\\\/cursos-online\\\/\"]}]},{\"@type\":\"ImageObject\",\"inLanguage\":\"es\",\"@id\":\"https:\\\/\\\/aquelarre.edu.uy\\\/cms\\\/home\\\/cursos-online\\\/#primaryimage\",\"url\":\"http:\\\/\\\/aquelarre.edu.uy\\\/cms\\\/wp-content\\\/uploads\\\/2020\\\/10\\\/DSC3739-768x509.jpg\",\"contentUrl\":\"http:\\\/\\\/aquelarre.edu.uy\\\/cms\\\/wp-content\\\/uploads\\\/2020\\\/10\\\/DSC3739-768x509.jpg\"},{\"@type\":\"BreadcrumbList\",\"@id\":\"https:\\\/\\\/aquelarre.edu.uy\\\/cms\\\/home\\\/cursos-online\\\/#breadcrumb\",\"itemListElement\":[{\"@type\":\"ListItem\",\"position\":1,\"name\":\"HOME\",\"item\":\"https:\\\/\\\/aquelarre.edu.uy\\\/cms\\\/\"},{\"@type\":\"ListItem\",\"position\":2,\"name\":\"CURSOS ONLINE\"}]},{\"@type\":\"WebSite\",\"@id\":\"https:\\\/\\\/aquelarre.edu.uy\\\/cms\\\/#website\",\"url\":\"https:\\\/\\\/aquelarre.edu.uy\\\/cms\\\/\",\"name\":\"Aquelarre escuela de Fotograf\u00eda\",\"description\":\"Escuela de fotograf\u00eda\",\"publisher\":{\"@id\":\"https:\\\/\\\/aquelarre.edu.uy\\\/cms\\\/#organization\"},\"potentialAction\":[{\"@type\":\"SearchAction\",\"target\":{\"@type\":\"EntryPoint\",\"urlTemplate\":\"https:\\\/\\\/aquelarre.edu.uy\\\/cms\\\/?s={search_term_string}\"},\"query-input\":{\"@type\":\"PropertyValueSpecification\",\"valueRequired\":true,\"valueName\":\"search_term_string\"}}],\"inLanguage\":\"es\"},{\"@type\":\"Organization\",\"@id\":\"https:\\\/\\\/aquelarre.edu.uy\\\/cms\\\/#organization\",\"name\":\"Aquelarre escuela de Fotograf\u00eda\",\"url\":\"https:\\\/\\\/aquelarre.edu.uy\\\/cms\\\/\",\"logo\":{\"@type\":\"ImageObject\",\"inLanguage\":\"es\",\"@id\":\"https:\\\/\\\/aquelarre.edu.uy\\\/cms\\\/#\\\/schema\\\/logo\\\/image\\\/\",\"url\":\"https:\\\/\\\/aquelarre.edu.uy\\\/cms\\\/wp-content\\\/uploads\\\/2022\\\/04\\\/logo-aquelarre-trans.png\",\"contentUrl\":\"https:\\\/\\\/aquelarre.edu.uy\\\/cms\\\/wp-content\\\/uploads\\\/2022\\\/04\\\/logo-aquelarre-trans.png\",\"width\":4411,\"height\":1192,\"caption\":\"Aquelarre escuela de Fotograf\u00eda\"},\"image\":{\"@id\":\"https:\\\/\\\/aquelarre.edu.uy\\\/cms\\\/#\\\/schema\\\/logo\\\/image\\\/\"},\"sameAs\":[\"https:\\\/\\\/www.facebook.com\\\/AQUELARREfotografias\\\/\",\"https:\\\/\\\/x.com\\\/aquelarre_uy\",\"https:\\\/\\\/www.instagram.com\\\/aquelarre.uy\\\/\"]}]}<\/script>\n<!-- \/ Yoast SEO plugin. -->","yoast_head_json":{"title":"CURSOS ONLINE | AQUELARRE Escuela de Fotograf\u00eda | Montevideo","description":"Cursos online de fotograf\u00eda. Cursos de fotograf\u00eda a distancia. Aquelarre online. 28 a\u00f1os formando fot\u00f3grafos. Online y Semipresenciales.","robots":{"index":"index","follow":"follow","max-snippet":"max-snippet:-1","max-image-preview":"max-image-preview:large","max-video-preview":"max-video-preview:-1"},"canonical":"https:\/\/aquelarre.edu.uy\/cms\/home\/cursos-online\/","og_locale":"es_ES","og_type":"article","og_title":"CURSOS ONLINE | AQUELARRE Escuela de Fotograf\u00eda | Montevideo","og_description":"Cursos online de fotograf\u00eda. Cursos de fotograf\u00eda a distancia. Aquelarre online. 28 a\u00f1os formando fot\u00f3grafos. Online y Semipresenciales.","og_url":"https:\/\/aquelarre.edu.uy\/cms\/home\/cursos-online\/","og_site_name":"Aquelarre escuela de Fotograf\u00eda","article_publisher":"https:\/\/www.facebook.com\/AQUELARREfotografias\/","article_modified_time":"2022-08-11T19:36:18+00:00","og_image":[{"url":"http:\/\/aquelarre.edu.uy\/cms\/wp-content\/uploads\/2020\/10\/DSC3739-768x509.jpg","type":"","width":"","height":""}],"twitter_card":"summary_large_image","twitter_site":"@aquelarre_uy","twitter_misc":{"Tiempo de lectura":"2 minutos"},"schema":{"@context":"https:\/\/schema.org","@graph":[{"@type":"WebPage","@id":"https:\/\/aquelarre.edu.uy\/cms\/home\/cursos-online\/","url":"https:\/\/aquelarre.edu.uy\/cms\/home\/cursos-online\/","name":"CURSOS ONLINE | AQUELARRE Escuela de Fotograf\u00eda | Montevideo","isPartOf":{"@id":"https:\/\/aquelarre.edu.uy\/cms\/#website"},"primaryImageOfPage":{"@id":"https:\/\/aquelarre.edu.uy\/cms\/home\/cursos-online\/#primaryimage"},"image":{"@id":"https:\/\/aquelarre.edu.uy\/cms\/home\/cursos-online\/#primaryimage"},"thumbnailUrl":"http:\/\/aquelarre.edu.uy\/cms\/wp-content\/uploads\/2020\/10\/DSC3739-768x509.jpg","datePublished":"2020-05-10T04:05:33+00:00","dateModified":"2022-08-11T19:36:18+00:00","description":"Cursos online de fotograf\u00eda. Cursos de fotograf\u00eda a distancia. Aquelarre online. 28 a\u00f1os formando fot\u00f3grafos. Online y Semipresenciales.","breadcrumb":{"@id":"https:\/\/aquelarre.edu.uy\/cms\/home\/cursos-online\/#breadcrumb"},"inLanguage":"es","potentialAction":[{"@type":"ReadAction","target":["https:\/\/aquelarre.edu.uy\/cms\/home\/cursos-online\/"]}]},{"@type":"ImageObject","inLanguage":"es","@id":"https:\/\/aquelarre.edu.uy\/cms\/home\/cursos-online\/#primaryimage","url":"http:\/\/aquelarre.edu.uy\/cms\/wp-content\/uploads\/2020\/10\/DSC3739-768x509.jpg","contentUrl":"http:\/\/aquelarre.edu.uy\/cms\/wp-content\/uploads\/2020\/10\/DSC3739-768x509.jpg"},{"@type":"BreadcrumbList","@id":"https:\/\/aquelarre.edu.uy\/cms\/home\/cursos-online\/#breadcrumb","itemListElement":[{"@type":"ListItem","position":1,"name":"HOME","item":"https:\/\/aquelarre.edu.uy\/cms\/"},{"@type":"ListItem","position":2,"name":"CURSOS ONLINE"}]},{"@type":"WebSite","@id":"https:\/\/aquelarre.edu.uy\/cms\/#website","url":"https:\/\/aquelarre.edu.uy\/cms\/","name":"Aquelarre escuela de Fotograf\u00eda","description":"Escuela de fotograf\u00eda","publisher":{"@id":"https:\/\/aquelarre.edu.uy\/cms\/#organization"},"potentialAction":[{"@type":"SearchAction","target":{"@type":"EntryPoint","urlTemplate":"https:\/\/aquelarre.edu.uy\/cms\/?s={search_term_string}"},"query-input":{"@type":"PropertyValueSpecification","valueRequired":true,"valueName":"search_term_string"}}],"inLanguage":"es"},{"@type":"Organization","@id":"https:\/\/aquelarre.edu.uy\/cms\/#organization","name":"Aquelarre escuela de Fotograf\u00eda","url":"https:\/\/aquelarre.edu.uy\/cms\/","logo":{"@type":"ImageObject","inLanguage":"es","@id":"https:\/\/aquelarre.edu.uy\/cms\/#\/schema\/logo\/image\/","url":"https:\/\/aquelarre.edu.uy\/cms\/wp-content\/uploads\/2022\/04\/logo-aquelarre-trans.png","contentUrl":"https:\/\/aquelarre.edu.uy\/cms\/wp-content\/uploads\/2022\/04\/logo-aquelarre-trans.png","width":4411,"height":1192,"caption":"Aquelarre escuela de Fotograf\u00eda"},"image":{"@id":"https:\/\/aquelarre.edu.uy\/cms\/#\/schema\/logo\/image\/"},"sameAs":["https:\/\/www.facebook.com\/AQUELARREfotografias\/","https:\/\/x.com\/aquelarre_uy","https:\/\/www.instagram.com\/aquelarre.uy\/"]}]}},"_links":{"self":[{"href":"https:\/\/aquelarre.edu.uy\/cms\/wp-json\/wp\/v2\/pages\/2163","targetHints":{"allow":["GET"]}}],"collection":[{"href":"https:\/\/aquelarre.edu.uy\/cms\/wp-json\/wp\/v2\/pages"}],"about":[{"href":"https:\/\/aquelarre.edu.uy\/cms\/wp-json\/wp\/v2\/types\/page"}],"author":[{"embeddable":true,"href":"https:\/\/aquelarre.edu.uy\/cms\/wp-json\/wp\/v2\/users\/3"}],"replies":[{"embeddable":true,"href":"https:\/\/aquelarre.edu.uy\/cms\/wp-json\/wp\/v2\/comments?post=2163"}],"version-history":[{"count":65,"href":"https:\/\/aquelarre.edu.uy\/cms\/wp-json\/wp\/v2\/pages\/2163\/revisions"}],"predecessor-version":[{"id":5508,"href":"https:\/\/aquelarre.edu.uy\/cms\/wp-json\/wp\/v2\/pages\/2163\/revisions\/5508"}],"up":[{"embeddable":true,"href":"https:\/\/aquelarre.edu.uy\/cms\/wp-json\/wp\/v2\/pages\/4770"}],"wp:attachment":[{"href":"https:\/\/aquelarre.edu.uy\/cms\/wp-json\/wp\/v2\/media?parent=2163"}],"curies":[{"name":"wp","href":"https:\/\/api.w.org\/{rel}","templated":true}]}}